{"id":939,"date":"2024-06-18T09:36:58","date_gmt":"2024-06-18T09:36:58","guid":{"rendered":"https:\/\/karneval-klub-kakadu.de\/?page_id=939"},"modified":"2025-04-11T09:54:17","modified_gmt":"2025-04-11T09:54:17","slug":"aktuelles","status":"publish","type":"page","link":"https:\/\/karneval-klub-kakadu.de\/?page_id=939","title":{"rendered":"Aktuelles"},"content":{"rendered":"<p><strong><u>Jahreshauptversammlung der Kakadujugend<\/u><\/strong><\/p>\n<p style=\"text-align: justify;\">Am Samstag, den 22.03.2025 fand die diesj\u00e4hrige Jugendjahreshauptversammlung des<br \/>\nKarneval\u00a0Klub Kakadu im Lufthof statt.<\/p>\n<p style=\"text-align: justify;\">Die 1. Jugendleiterin Meike Groda verlas ihren Bericht \u00fcber die Aktivit\u00e4ten, die die Jugendgruppe, seit der der letzten Versammlung unternahm. Danach wurde der Kassenbericht der Jugendkassiererin Rebecca Urspringer vorgetragen. Der 1. Vorstand Alexander Walz, der zu der Versammlung eingeladen war, bedankte sich bei der Jugendleitung f\u00fcr die geleistete Arbeit im vergangenen Jahr und lobte deren Engagement.<br \/>\nDie 1. Jugendleiterin teilte mit, dass sich eine \u00c4nderung in der Jugendleitung ergibt. Die aktuelle Jugendsprecherin Emilia Mensch trat aus pers\u00f6nlichen Gr\u00fcnden von ihrem Amt zur\u00fcck. Die Jugendleitung freut sich, dass das Amt sofort neu besetzt werden konnte. Dies wird kommissarisch bis zur n\u00e4chsten Wahl von Melina Michel \u00fcbernommen.<\/p>\n<p style=\"text-align: justify;\">Die Jugendleitung setzt sich somit wie folgt zusammen:<br \/>\n1. Jugendleiterin Meike Groda, 2. Jugendleiterin Hannah V\u00f6lker, Jugendkassiererin Rebecca Urspringer, Jugendschriftf\u00fchrerin Vanessa Urspringer und Jugendsprecherin Melina Michel<\/p>\n<hr \/>\n<p><strong><u>R\u00fcckblick Kampagne 2025<\/u><\/strong><\/p>\n<p>Eine erfolgreiche Kampagne liegt hinter uns. Wir hatten Super Auftritte und jede Menge Spa\u00df. Jeder Auftritt war etwas Besonderes. Ob Kinder, Junioren, Aktive oder die drei Tanzmariechen des Vereines, alle zeigten in Ihren T\u00e4nzen top Leistung und wurden mit reichlich Applaus vom Publikum belohnt.<br \/>\nWir tanzten auf unserer Sitzung, auf der Seniorensitzung, beim Gardetreffen in M\u00f6mlingen und auf unseren zwei Kinderfaschingveranstaltungen sowie auf dem Ball der Prinzenpaare.<br \/>\nBesonders waren auch die Auftritte bei verschiedenen Seniorennachmittagen an denen wir mit viel Applaus belohnt wurden. Den Abschluss der Kampagne bildete der Aufritt beim Kehraus in Nilkheim. Wir freuen uns bereits auf die n\u00e4chste Kampagne.<\/p>\n<p><img decoding=\"async\" class=\"aligncenter\" src=\"https:\/\/www.main-echo.de\/storage\/image\/0\/6\/1\/4\/6474160_nar-artikeldetail_1DO0bL_LXLApH.jpg\" \/><\/p>\n<p><strong><u>Kinderfasching 2025 am Rosenmontag in Haibach<\/u><\/strong><\/p>\n<p>Am\u00a0Rosenmontag\u00a0war es wieder so weit, die Jugendgruppe\u00a0des Karneval Klub Kakadu richtete wieder ihren Kinderfasching in Haibach aus. Die zahlreichen Helfer warteten gespannt auf die Kinderschar. P\u00fcnktlich um 14:00 Uhr begann die Veranstaltung und fand bei den Kindern und Ihren Eltern gro\u00dfen Anklang. Die zwei Clown\u00b4s Claudia und Katharina sowie DJ Patrick heizten den Kindern richtig ein. So wurde eine Polonaise gemacht, Rucki Zucki getanzt und viele Bonbons ausgeworfen, so dass es den Kindern nie langweilig wurde. Die Eltern konnten bei selbstgebackenem Kuchen, Muffins und Kaffee den Mittag auch genie\u00dfen. Unsere Kinder- sowie unsere Juniorentanzgruppe und unsere 3 Tanzmariechen zeigten ihre T\u00e4nze. So verging der Mittag im Nu. Die Jugendleitung bedankt sich recht herzlich f\u00fcr den Besuch der zahlreichen G\u00e4ste.<\/p>\n<p><img loading=\"lazy\" decoding=\"async\" class=\"aligncenter\" src=\"https:\/\/www.main-echo.de\/storage\/image\/0\/7\/5\/2\/6472570_original2560_1DNGLb_6wRfx8.jpg\" alt=\"\" width=\"510\" height=\"510\" \/><\/p>\n<p><strong><u>Kinderfasching 2025 in Mainaschaff<\/u><\/strong><\/p>\n<p>Am Sonntag, den 03.02.2025 fand wieder Kinderfasching des Karneval Klub Kakadu in der Maintalhalle in Mainaschaff statt. Um 14 Uhr \u00f6ffneten sich die T\u00fcren und die G\u00e4ste kamen in Scharen. Es war ein toller Nachmittag mit viel Musik und Tanz. F\u00fcr die Animation sorgten Ursula und Ralph Rohmann die als die Clowns Fix und Fertig die Kinder zum mitmachen animierten. Unser 2. Vorstand Kevin Walz f\u00fchrte durch das kurzweilige Programm. Ein Highlight waren die Auftritte der Tanzmariechen, der Kinder, Junioren und Aktiven Tanzgruppe, die ihre T\u00e4nze vorf\u00fchrten. Wir danken allen G\u00e4sten die uns besucht haben.<\/p>\n<p><img decoding=\"async\" class=\"aligncenter\" src=\"https:\/\/www.main-echo.de\/storage\/image\/1\/2\/5\/5\/6445521_nar-artikeldetail_1DD_a5_gSNpSv.jpg\" \/><\/p>\n<p><strong><u>Kampagne-Er\u00f6ffnung 2025<\/u><\/strong><\/p>\n<p>Am Samstag, den 11.01.25, feierte der Karneval-Klub Kakadu Aschaffenburg sein traditionelles Ordensfest, die offizielle Er\u00f6ffnung der Fastnachts-Kampagne 2024\/2025. Alexander Walz, 1. Vorsitzender des Vereins, begr\u00fc\u00dfte zahlreiche Mitglieder zu dieser Veranstaltung und f\u00fchrte zusammen mit Sitzungspr\u00e4sident Patrick Becker und dem 2. Vorsitzenden Kevin Walz durch das kurzweilige Programm. Die Kindertanzgruppe, sowie die Junioren, traten jeweils mit ihren Showt\u00e4nzen auf und die Tanzmariechen Emely und Melina Michel zeigten ihr K\u00f6nnen. H\u00f6hepunkt des Abends war die Verleihung der Kampagne-Orden an die Mitglieder, sowie die Ehrungen durch den Verein und durch den Fastnachtverband Franken, vertreten durch Michael Denk, Bezirksbeirat des Verbands.<\/p>\n<p>Der Karneval- Klub Kakadu ehrte wie folgt:<\/p>\n<ul>\n<li>Jugendorden (f\u00fcr Jugend-F\u00f6rderer):<br \/>\nHorst Staudt, Kevin Walz, Andreas Walz<\/li>\n<li>Ehrennadel in\u00a0Silber:<br \/>\nMarion Becker, Vanessa Urspringer, Rebecca Urspringer, Hannah V\u00f6lker<\/li>\n<li>Ehrennadel in\u00a0Gold:<br \/>\nPatrick Becker, Sibel Kieser, Angela Kieser<\/li>\n<li>Tanzmariechen in\u00a0Silber(5 Jahre aktives Tanzen):<br \/>\nPetra Mensch<\/li>\n<li>Tanzmariechen in\u00a0Gold(10 Jahre aktives Tanzen):<br \/>\nEmely Michel<\/li>\n<li>Kakadu in Silber (11 Jahre Mitgliedschaft):<br \/>\nMarkus Urspringer, Melina Michel<\/li>\n<li>Kakadu in Gold (22 Jahre Mitgliedschaft):<br \/>\nMarina Concilio<\/li>\n<li>Kakadu in Gold an Brosche (44 Jahre Mitgliedschaft)<br \/>\nViktoria Walz<\/li>\n<\/ul>\n<p>Durch den Fastnachtsverband Franken wurden folgende Mitglieder geehrt:<\/p>\n<ul>\n<li>Jugend-Orden des Verbands:<br \/>\nEmilia Mensch<\/li>\n<li>Treueabzeichnen des BDK f\u00fcr Karneval. Tanzsport in Bronze:<br \/>\nSibel Kieser, Angela Kieser<\/li>\n<li>Kampagne-Orden des Verbands:<br \/>\nLeah Junker, Tim Junker, Meike Groda, Hannah V\u00f6lker<\/li>\n<li>Ehrennadel in Silber:<br \/>\nSibel Kieser, Angela Kieser<\/li>\n<li>Ehrennadel in Gold:<br \/>\nChristine Becker<\/li>\n<li>Jochen Brandenburg wurde f\u00fcr seine langj\u00e4hrigen Verdienste um den Verein und der fr\u00e4nkischen Fastnacht mit dem Verdienstorden des Fastnachtverband Franken geehrt.<\/li>\n<li>Unter gro\u00dfem Applaus erhielt Alexander Walz eine ganz besondere und hohe Auszeichnung, den Verdienstorden Stufe 1 in Silber des Bund deutscher Karneval.<\/li>\n<\/ul>\n<p><strong><img decoding=\"async\" class=\"aligncenter\" src=\"https:\/\/www.main-echo.de\/storage\/image\/7\/1\/2\/0\/6430217_nar-artikeldetail_1DxCwP_ScHXnm.jpg\" \/><\/strong><\/p>\n<hr \/>\n<p><strong><u>Neuwahlen der Vorstandschaft<\/u><\/strong><\/p>\n<p>Am Samstag, den 23.03.24 fand die diesj\u00e4hrige Jahreshauptversammlung des Karneval Klub Kakadu im Lufthof mit Neuwahlen statt.<\/p>\n<p>Nachdem der langj\u00e4hrige 2. Vorstand Steffen Pickert aus beruflichen Gr\u00fcnden nicht mehr zur Wahl stand, musste ein neuer 2. Vorstand gew\u00e4hlt werden. Wir freuen uns das wir in Kevin Walz einen jungen engagierten Nachfolger gefunden haben.<\/p>\n<p>Auch in der Organisation gab es aus beruflichen Gr\u00fcnden einen Wechsel, Ralph Rohmann stand ebenfalls nicht mehr zur Wahl. Als seinen Nachfolger konnten wir Andreas Walz gewinnen.<\/p>\n<p>Andreas sowie auch Kevin kennen sich mit der Vereinsarbeit aus, da beide bereits 1.und 2. Jugendleiter waren.<\/p>\n<p><strong><u>Wahlergebnis: <\/u><\/strong><\/p>\n<ul>\n<li>Vorstand: Alexander Walz<\/li>\n<li>Vorstand: Kevin Walz<\/li>\n<li>Kassiererin: Dana Urspringer<\/li>\n<li>Kassiererin: Jutta Bayer<\/li>\n<li>Schriftf\u00fchrer: Jochen Brandenburg<\/li>\n<li>Organisation: Petra Mensch, Markus Urspringer, Andreas Walz,<\/li>\n<li>Kassenpr\u00fcfer: Markus Fleckenstein und Ursula Sauer-Rohmann<\/li>\n<\/ul>\n<p><img loading=\"lazy\" decoding=\"async\" class=\"wp-image-943 aligncenter\" src=\"https:\/\/karneval-klub-kakadu.de\/wp-content\/uploads\/2024\/06\/Bild2.jpg\" alt=\"\" width=\"633\" height=\"487\" srcset=\"https:\/\/karneval-klub-kakadu.de\/wp-content\/uploads\/2024\/06\/Bild2.jpg 896w, https:\/\/karneval-klub-kakadu.de\/wp-content\/uploads\/2024\/06\/Bild2-300x231.jpg 300w, https:\/\/karneval-klub-kakadu.de\/wp-content\/uploads\/2024\/06\/Bild2-768x591.jpg 768w\" sizes=\"auto, (max-width: 633px) 100vw, 633px\" \/><\/p>\n<hr \/>\n<p><strong><u>Neuwahlen bei der Kakadujugend<\/u><\/strong><\/p>\n<p>Am Samstag, den 24.02.2024 fand die diesj\u00e4hrige Jugendjahreshauptversammlung mit Neuwahlen der Jugendleitung des Karneval Klub Kakadu statt.<\/p>\n<p>Da unsere bisherigen Jugendleiter Kevin Walz und Andreas Walz dem Gremium nicht mehr zur Verf\u00fcgung standen musste diese Posten neu besetzt werden.<br \/>\nWir freuen uns, das wir die \u00c4mter neu besetzen konnten.<\/p>\n<p><strong><u>Wahlergebnis: <\/u><\/strong><\/p>\n<ul>\n<li>Jugendleiterin: Meike Groda,<\/li>\n<li>Jugendleiterin:\u00a0 Hannah V\u00f6lker<\/li>\n<li>Jugendkassiererin: Rebecca Urspringer<\/li>\n<li>Jugendschriftf\u00fchrerin: Vanessa Urspringer<\/li>\n<li>Jugendsprecherin: Emilia Mensch<\/li>\n<\/ul>\n<p><img loading=\"lazy\" decoding=\"async\" class=\"wp-image-945 aligncenter\" src=\"https:\/\/karneval-klub-kakadu.de\/wp-content\/uploads\/2024\/06\/Bild3.jpg\" alt=\"\" width=\"675\" height=\"540\" srcset=\"https:\/\/karneval-klub-kakadu.de\/wp-content\/uploads\/2024\/06\/Bild3.jpg 1102w, https:\/\/karneval-klub-kakadu.de\/wp-content\/uploads\/2024\/06\/Bild3-300x240.jpg 300w, https:\/\/karneval-klub-kakadu.de\/wp-content\/uploads\/2024\/06\/Bild3-1024x820.jpg 1024w, https:\/\/karneval-klub-kakadu.de\/wp-content\/uploads\/2024\/06\/Bild3-768x615.jpg 768w\" sizes=\"auto, (max-width: 675px) 100vw, 675px\" \/><\/p>\n","protected":false},"excerpt":{"rendered":"<p>Jahreshauptversammlung der Kakadujugend Am Samstag, den 22.03.2025 fand die diesj\u00e4hrige Jugendjahreshauptversammlung des Karneval\u00a0Klub Kakadu im Lufthof statt. Die 1. Jugendleiterin Meike Groda verlas ihren Bericht \u00fcber die Aktivit\u00e4ten, die die Jugendgruppe, seit der der letzten Versammlung unternahm. Danach wurde der Kassenbericht der Jugendkassiererin Rebecca Urspringer vorgetragen. Der 1. Vorstand Alexander Walz, der zu der Versammlung &hellip; <\/p>\n<p class=\"link-more\"><a href=\"https:\/\/karneval-klub-kakadu.de\/?page_id=939\" class=\"more-link\"><span class=\"screen-reader-text\">\u201eAktuelles\u201c <\/span>weiterlesen<\/a><\/p>\n","protected":false},"author":2,"featured_media":0,"parent":21,"menu_order":0,"comment_status":"closed","ping_status":"closed","template":"","meta":{"footnotes":""},"class_list":["post-939","page","type-page","status-publish","hentry","entry"],"_links":{"self":[{"href":"https:\/\/karneval-klub-kakadu.de\/index.php?rest_route=\/wp\/v2\/pages\/939","targetHints":{"allow":["GET"]}}],"collection":[{"href":"https:\/\/karneval-klub-kakadu.de\/index.php?rest_route=\/wp\/v2\/pages"}],"about":[{"href":"https:\/\/karneval-klub-kakadu.de\/index.php?rest_route=\/wp\/v2\/types\/page"}],"author":[{"embeddable":true,"href":"https:\/\/karneval-klub-kakadu.de\/index.php?rest_route=\/wp\/v2\/users\/2"}],"replies":[{"embeddable":true,"href":"https:\/\/karneval-klub-kakadu.de\/index.php?rest_route=%2Fwp%2Fv2%2Fcomments&post=939"}],"version-history":[{"count":34,"href":"https:\/\/karneval-klub-kakadu.de\/index.php?rest_route=\/wp\/v2\/pages\/939\/revisions"}],"predecessor-version":[{"id":1152,"href":"https:\/\/karneval-klub-kakadu.de\/index.php?rest_route=\/wp\/v2\/pages\/939\/revisions\/1152"}],"up":[{"embeddable":true,"href":"https:\/\/karneval-klub-kakadu.de\/index.php?rest_route=\/wp\/v2\/pages\/21"}],"wp:attachment":[{"href":"https:\/\/karneval-klub-kakadu.de\/index.php?rest_route=%2Fwp%2Fv2%2Fmedia&parent=939"}],"curies":[{"name":"wp","href":"https:\/\/api.w.org\/{rel}","templated":true}]}}