{"id":25,"date":"2018-08-09T12:38:40","date_gmt":"2018-08-09T12:38:40","guid":{"rendered":"https:\/\/karneval-klub-kakadu.de\/?page_id=25"},"modified":"2025-05-26T09:43:32","modified_gmt":"2025-05-26T09:43:32","slug":"jugend","status":"publish","type":"page","link":"https:\/\/karneval-klub-kakadu.de\/?page_id=25","title":{"rendered":"Jugend"},"content":{"rendered":"<p>Die Jugendgruppe des Karneval Klub Kakadu 1966 e. V. besteht seit dem 03.12.2007.<\/p>\n<p><img loading=\"lazy\" decoding=\"async\" class=\"wp-image-422 alignright\" src=\"https:\/\/karneval-klub-kakadu.de\/wp-content\/uploads\/2020\/01\/Jugengruppenstempel-12-258x300.gif\" alt=\"\" width=\"138\" height=\"160\" srcset=\"https:\/\/karneval-klub-kakadu.de\/wp-content\/uploads\/2020\/01\/Jugengruppenstempel-12-258x300.gif 258w, https:\/\/karneval-klub-kakadu.de\/wp-content\/uploads\/2020\/01\/Jugengruppenstempel-12-882x1024.gif 882w, https:\/\/karneval-klub-kakadu.de\/wp-content\/uploads\/2020\/01\/Jugengruppenstempel-12-768x892.gif 768w, https:\/\/karneval-klub-kakadu.de\/wp-content\/uploads\/2020\/01\/Jugengruppenstempel-12-1323x1536.gif 1323w\" sizes=\"auto, (max-width: 138px) 100vw, 138px\" \/><\/p>\n<p>Sie besteht als eigenst\u00e4ndiger Teil des Vereins und veranstaltet j\u00e4hrlich u. a. einen Kinderfasching im Jugendzentrum in Haibach, einen Ausflug in einen Freizeitpark und ein dreit\u00e4giges Zeltlager im Vereinsheim des Kakadus, dem Lufthof.<\/p>\n<p>Mehr Einblicke in die Jugendarbeit gibt es auf <a href=\"https:\/\/www.instagram.com\/kakadu_jugend\/\">Instagram<\/a> und <a href=\"https:\/\/www.facebook.com\/kakadujugend\">Facebook<\/a>.<\/p>\n<p>Du hast nun auch Lust, Teil einer tollen Gemeinschaft zu werden? Dann melde dich einfach bei uns.<\/p>\n<hr \/>\n<p>Die letzten Neuwahlen fanden 2024 statt. Gew\u00e4hlt wurden Meike Groda als 1. Jugendleiterin, Hannah V\u00f6lker als 2. Jugendleiterin, Rebecca Urspringer als Jugendkassiererin, Vanessa Urspringer als Jugendschriftf\u00fchrerin und Melina Michel wurde als Jugendsprecherin kommisarisch besetzt.<a href=\"mailto:jugendleiter@kakadu-jugend.de\"><img loading=\"lazy\" decoding=\"async\" class=\"wp-image-1171 alignleft\" src=\"https:\/\/karneval-klub-kakadu.de\/wp-content\/uploads\/2025\/05\/20250413_123837657_iOS-300x225.jpeg\" alt=\"\" width=\"578\" height=\"434\" srcset=\"https:\/\/karneval-klub-kakadu.de\/wp-content\/uploads\/2025\/05\/20250413_123837657_iOS-300x225.jpeg 300w, https:\/\/karneval-klub-kakadu.de\/wp-content\/uploads\/2025\/05\/20250413_123837657_iOS-1024x768.jpeg 1024w, https:\/\/karneval-klub-kakadu.de\/wp-content\/uploads\/2025\/05\/20250413_123837657_iOS-768x576.jpeg 768w, https:\/\/karneval-klub-kakadu.de\/wp-content\/uploads\/2025\/05\/20250413_123837657_iOS-1536x1152.jpeg 1536w, https:\/\/karneval-klub-kakadu.de\/wp-content\/uploads\/2025\/05\/20250413_123837657_iOS-2048x1536.jpeg 2048w, https:\/\/karneval-klub-kakadu.de\/wp-content\/uploads\/2025\/05\/20250413_123837657_iOS-1568x1176.jpeg 1568w\" sizes=\"auto, (max-width: 578px) 100vw, 578px\" \/><\/a><\/p>\n<h6>Jugendleiterin: Meike Groda <a href=\"mailto:jugendleiter@kakadu-jugend.de\">jugendleiter@kakadu-jugend.de<\/a><\/h6>\n<h6>2.Jugendleiterin: Hannah V\u00f6lker <a href=\"mailto:2.jugendleiter@kakadu-jugend.de\">2.jugendleiter@kakadu-jugend.de<\/a><\/h6>\n<h6>Jugendkassiererin: Rebecca Urspringer\u00a0 <a href=\"mailto:kassier@kakadu-jugend.de\">kassier@kakadu-jugend.de<\/a><\/h6>\n<h6>Schriftf\u00fchrerin: Vanessa Urspringer <a href=\"mailto:schriftfuehrer@kakadu-jugend.de\">schriftfuehrer@kakadu-jugend.de<\/a><\/h6>\n<h6>Jugendsprecherin: Melina Michel\u00a0<a href=\"mailto:jugendsprecher@kakadu-jugend.de\"> jugendsprecher@kakadu-jugend.de<\/a><\/h6>\n","protected":false},"excerpt":{"rendered":"<p>Die Jugendgruppe des Karneval Klub Kakadu 1966 e. V. besteht seit dem 03.12.2007. Sie besteht als eigenst\u00e4ndiger Teil des Vereins und veranstaltet j\u00e4hrlich u. a. einen Kinderfasching im Jugendzentrum in Haibach, einen Ausflug in einen Freizeitpark und ein dreit\u00e4giges Zeltlager im Vereinsheim des Kakadus, dem Lufthof. Mehr Einblicke in die Jugendarbeit gibt es auf Instagram &hellip; <\/p>\n<p class=\"link-more\"><a href=\"https:\/\/karneval-klub-kakadu.de\/?page_id=25\" class=\"more-link\"><span class=\"screen-reader-text\">\u201eJugend\u201c <\/span>weiterlesen<\/a><\/p>\n","protected":false},"author":1,"featured_media":0,"parent":0,"menu_order":0,"comment_status":"closed","ping_status":"closed","template":"","meta":{"footnotes":""},"class_list":["post-25","page","type-page","status-publish","hentry","entry"],"_links":{"self":[{"href":"https:\/\/karneval-klub-kakadu.de\/index.php?rest_route=\/wp\/v2\/pages\/25","targetHints":{"allow":["GET"]}}],"collection":[{"href":"https:\/\/karneval-klub-kakadu.de\/index.php?rest_route=\/wp\/v2\/pages"}],"about":[{"href":"https:\/\/karneval-klub-kakadu.de\/index.php?rest_route=\/wp\/v2\/types\/page"}],"author":[{"embeddable":true,"href":"https:\/\/karneval-klub-kakadu.de\/index.php?rest_route=\/wp\/v2\/users\/1"}],"replies":[{"embeddable":true,"href":"https:\/\/karneval-klub-kakadu.de\/index.php?rest_route=%2Fwp%2Fv2%2Fcomments&post=25"}],"version-history":[{"count":24,"href":"https:\/\/karneval-klub-kakadu.de\/index.php?rest_route=\/wp\/v2\/pages\/25\/revisions"}],"predecessor-version":[{"id":1167,"href":"https:\/\/karneval-klub-kakadu.de\/index.php?rest_route=\/wp\/v2\/pages\/25\/revisions\/1167"}],"wp:attachment":[{"href":"https:\/\/karneval-klub-kakadu.de\/index.php?rest_route=%2Fwp%2Fv2%2Fmedia&parent=25"}],"curies":[{"name":"wp","href":"https:\/\/api.w.org\/{rel}","templated":true}]}}